{"id":2297,"date":"2020-12-15T08:19:18","date_gmt":"2020-12-15T07:19:18","guid":{"rendered":"http:\/\/adolphemax.be\/?page_id=2297"},"modified":"2020-12-15T08:19:18","modified_gmt":"2020-12-15T07:19:18","slug":"bonne-annee-2021","status":"publish","type":"page","link":"https:\/\/adolphemax.be\/index.php\/bonne-annee-2021\/","title":{"rendered":"Bonne ann\u00e9e 2021"},"content":{"rendered":"\n<figure class=\"wp-block-video\"><video controls src=\"http:\/\/adolphemax.be\/wp-content\/uploads\/2020\/12\/carte-de-voeux.mp4\"><\/video><\/figure>\n\n\n\n<p class=\"has-text-align-center has-large-font-size\"><strong>L\u2019\u00e9quipe de l\u2019Ath\u00e9n\u00e9e Adolphe Max vous pr\u00e9sente ses meilleurs v\u0153ux pour l\u2019ann\u00e9e nouvelle. Que celle-ci vous soit particuli\u00e8rement douce et sereine.<\/strong><\/p>\n","protected":false},"excerpt":{"rendered":"<p>L\u2019\u00e9quipe de l\u2019Ath\u00e9n\u00e9e Adolphe Max vous pr\u00e9sente ses meilleurs v\u0153ux pour l\u2019ann\u00e9e nouvelle. Que celle-ci vous soit particuli\u00e8rement douce et sereine.<\/p>\n","protected":false},"author":1,"featured_media":0,"parent":0,"menu_order":0,"comment_status":"closed","ping_status":"closed","template":"","meta":[],"_links":{"self":[{"href":"https:\/\/adolphemax.be\/index.php\/wp-json\/wp\/v2\/pages\/2297"}],"collection":[{"href":"https:\/\/adolphemax.be\/index.php\/wp-json\/wp\/v2\/pages"}],"about":[{"href":"https:\/\/adolphemax.be\/index.php\/wp-json\/wp\/v2\/types\/page"}],"author":[{"embeddable":true,"href":"https:\/\/adolphemax.be\/index.php\/wp-json\/wp\/v2\/users\/1"}],"replies":[{"embeddable":true,"href":"https:\/\/adolphemax.be\/index.php\/wp-json\/wp\/v2\/comments?post=2297"}],"version-history":[{"count":1,"href":"https:\/\/adolphemax.be\/index.php\/wp-json\/wp\/v2\/pages\/2297\/revisions"}],"predecessor-version":[{"id":2299,"href":"https:\/\/adolphemax.be\/index.php\/wp-json\/wp\/v2\/pages\/2297\/revisions\/2299"}],"wp:attachment":[{"href":"https:\/\/adolphemax.be\/index.php\/wp-json\/wp\/v2\/media?parent=2297"}],"curies":[{"name":"wp","href":"https:\/\/api.w.org\/{rel}","templated":true}]}}