{"id":2338,"date":"2021-01-14T09:41:58","date_gmt":"2021-01-14T08:41:58","guid":{"rendered":"http:\/\/adolphemax.be\/?page_id=2338"},"modified":"2026-01-07T19:01:06","modified_gmt":"2026-01-07T18:01:06","slug":"inscriptions-2021-2022","status":"publish","type":"page","link":"https:\/\/adolphemax.be\/index.php\/inscriptions-2021-2022\/","title":{"rendered":"Inscriptions 2025-2026 &#8211; Pr\u00e9sentation de l&rsquo;\u00e9cole"},"content":{"rendered":"\n<hr class=\"wp-block-separator is-style-wide\"\/>\n\n\n\n<p class=\"has-medium-font-size\"><strong>Quelques documents importants<\/strong><\/p>\n\n\n\n<p>Vous trouverez \u00e9galement ci-dessous une s\u00e9rie de documents \u00e0 lire, de pr\u00e9f\u00e9rence avant le rendez-vous d&rsquo;inscription, afin de comprendre au mieux le fonctionnement de l&rsquo;Ath\u00e9n\u00e9e.<\/p>\n\n\n\n<ul><li><a href=\"http:\/\/adolphemax.be\/index.php\/lathenee\/projet-detablissement-et-reglements\/projets-educatif-et-pedagogique\/\" target=\"_blank\" rel=\"noreferrer noopener\">Projets \u00e9ducatif et p\u00e9dagogique<\/a><\/li><li><a href=\"http:\/\/adolphemax.be\/index.php\/lathenee\/projet-detablissement-et-reglements\/reglement-dordre-interieur\/\" target=\"_blank\" rel=\"noreferrer noopener\">R\u00e8glement d\u2019ordre int\u00e9rieur<\/a><\/li><li><a href=\"http:\/\/adolphemax.be\/index.php\/lathenee\/projet-detablissement-et-reglements\/reglement-des-etudes\/\" target=\"_blank\" rel=\"noreferrer noopener\">R\u00e8glement des \u00e9tudes<\/a><\/li><li><a href=\"http:\/\/adolphemax.be\/index.php\/lathenee\/projet-detablissement-et-reglements\/\" target=\"_blank\" rel=\"noreferrer noopener\">Projet d\u2019\u00e9tablissement<\/a><\/li><\/ul>\n\n\n\n<p><\/p>\n\n\n\n<figure class=\"wp-block-embed is-type-video is-provider-youtube wp-block-embed-youtube wp-embed-aspect-16-9 wp-has-aspect-ratio\"><div class=\"wp-block-embed__wrapper\">\n<iframe loading=\"lazy\" title=\"Les cours de math\u00e9matique\" width=\"604\" height=\"340\" src=\"https:\/\/www.youtube.com\/embed\/mY1z1aDEijs?feature=oembed\" frameborder=\"0\" allow=\"accelerometer; autoplay; clipboard-write; encrypted-media; gyroscope; picture-in-picture; web-share\" referrerpolicy=\"strict-origin-when-cross-origin\" allowfullscreen><\/iframe>\n<\/div><\/figure>\n\n\n\n<figure class=\"wp-block-embed is-type-video is-provider-youtube wp-block-embed-youtube wp-embed-aspect-16-9 wp-has-aspect-ratio\"><div class=\"wp-block-embed__wrapper\">\n<iframe loading=\"lazy\" title=\"Les cours de sciences\" width=\"604\" height=\"340\" src=\"https:\/\/www.youtube.com\/embed\/CDNVxArnHKY?feature=oembed\" frameborder=\"0\" allow=\"accelerometer; autoplay; clipboard-write; encrypted-media; gyroscope; picture-in-picture; web-share\" referrerpolicy=\"strict-origin-when-cross-origin\" allowfullscreen><\/iframe>\n<\/div><\/figure>\n\n\n\n<figure class=\"wp-block-embed is-type-video is-provider-youtube wp-block-embed-youtube wp-embed-aspect-16-9 wp-has-aspect-ratio\"><div class=\"wp-block-embed__wrapper\">\n<iframe loading=\"lazy\" title=\"Les cours de fran\u00e7ais\" width=\"604\" height=\"340\" src=\"https:\/\/www.youtube.com\/embed\/cZg9rLd82X0?feature=oembed\" frameborder=\"0\" allow=\"accelerometer; autoplay; clipboard-write; encrypted-media; gyroscope; picture-in-picture; web-share\" referrerpolicy=\"strict-origin-when-cross-origin\" allowfullscreen><\/iframe>\n<\/div><\/figure>\n\n\n\n<figure class=\"wp-block-embed is-type-video is-provider-youtube wp-block-embed-youtube wp-embed-aspect-16-9 wp-has-aspect-ratio\"><div class=\"wp-block-embed__wrapper\">\n<iframe loading=\"lazy\" title=\"Les cours de latin\" width=\"604\" height=\"340\" src=\"https:\/\/www.youtube.com\/embed\/TL8agqsMWyo?feature=oembed\" frameborder=\"0\" allow=\"accelerometer; autoplay; clipboard-write; encrypted-media; gyroscope; picture-in-picture; web-share\" referrerpolicy=\"strict-origin-when-cross-origin\" allowfullscreen><\/iframe>\n<\/div><\/figure>\n\n\n\n<figure class=\"wp-block-embed is-type-video is-provider-youtube wp-block-embed-youtube wp-embed-aspect-16-9 wp-has-aspect-ratio\"><div class=\"wp-block-embed__wrapper\">\n<iframe loading=\"lazy\" title=\"Le cours de n\u00e9erlandais\" width=\"604\" height=\"340\" src=\"https:\/\/www.youtube.com\/embed\/HQ2czDPP6Aw?feature=oembed\" frameborder=\"0\" allow=\"accelerometer; autoplay; clipboard-write; encrypted-media; gyroscope; picture-in-picture; web-share\" referrerpolicy=\"strict-origin-when-cross-origin\" allowfullscreen><\/iframe>\n<\/div><\/figure>\n","protected":false},"excerpt":{"rendered":"<p>Quelques documents importants Vous trouverez \u00e9galement ci-dessous une s\u00e9rie de documents \u00e0 lire, de pr\u00e9f\u00e9rence avant le rendez-vous d&rsquo;inscription, afin de comprendre au mieux le fonctionnement de l&rsquo;Ath\u00e9n\u00e9e. Projets \u00e9ducatif et p\u00e9dagogique R\u00e8glement d\u2019ordre int\u00e9rieur R\u00e8glement des \u00e9tudes Projet d\u2019\u00e9tablissement<\/p>\n","protected":false},"author":1,"featured_media":0,"parent":0,"menu_order":0,"comment_status":"closed","ping_status":"closed","template":"","meta":[],"_links":{"self":[{"href":"https:\/\/adolphemax.be\/index.php\/wp-json\/wp\/v2\/pages\/2338"}],"collection":[{"href":"https:\/\/adolphemax.be\/index.php\/wp-json\/wp\/v2\/pages"}],"about":[{"href":"https:\/\/adolphemax.be\/index.php\/wp-json\/wp\/v2\/types\/page"}],"author":[{"embeddable":true,"href":"https:\/\/adolphemax.be\/index.php\/wp-json\/wp\/v2\/users\/1"}],"replies":[{"embeddable":true,"href":"https:\/\/adolphemax.be\/index.php\/wp-json\/wp\/v2\/comments?post=2338"}],"version-history":[{"count":19,"href":"https:\/\/adolphemax.be\/index.php\/wp-json\/wp\/v2\/pages\/2338\/revisions"}],"predecessor-version":[{"id":2820,"href":"https:\/\/adolphemax.be\/index.php\/wp-json\/wp\/v2\/pages\/2338\/revisions\/2820"}],"wp:attachment":[{"href":"https:\/\/adolphemax.be\/index.php\/wp-json\/wp\/v2\/media?parent=2338"}],"curies":[{"name":"wp","href":"https:\/\/api.w.org\/{rel}","templated":true}]}}