{"id":28,"date":"2015-11-24T20:17:20","date_gmt":"2015-11-24T19:17:20","guid":{"rendered":"http:\/\/adolphemax.be\/?page_id=28"},"modified":"2022-08-25T09:22:42","modified_gmt":"2022-08-25T08:22:42","slug":"reglement-dordre-interieur","status":"publish","type":"page","link":"https:\/\/adolphemax.be\/index.php\/lathenee\/projet-detablissement-et-reglements\/reglement-dordre-interieur\/","title":{"rendered":"R\u00e8glement d&rsquo;ordre int\u00e9rieur"},"content":{"rendered":"\n<p class=\"has-text-align-center has-medium-font-size\"><strong><a href=\"https:\/\/brucityeducation-my.sharepoint.com\/:b:\/g\/personal\/melanie_ocmant_brucity_education\/EcCKrywQ9Y1FrZle8JXlN2QB2Iz8oG9q5HSpUDC4MmIpPA?e=yXlQig\">Veuillez trouver ci-joint le R\u00e8glement d&rsquo;Ordre Int\u00e9rieur de la Ville de Bruxelles<\/a><\/strong><\/p>\n\n\n\n<p>Nous attirons votre attention sur le point 7.9 concernant le droit \u00e0 l&rsquo;image et le respect de la vie priv\u00e9e. (mise \u00e0 jour novembre 2020):<\/p>\n\n\n\n<blockquote class=\"wp-block-quote\"><p>7.9.&nbsp;Protection de la vie priv\u00e9e et droit \u00e0 l\u2019image&nbsp;<\/p><p>Il est interdit, par quelque moyen que ce soit, d\u2019enregistrer des propos, de prendre des photos,&nbsp;films, vid\u00e9os\u2026, de publier ou de communiquer de tels documents, fichiers ou textes concernant des membres du personnel ou des \u00e9l\u00e8ves de l\u2019\u00e9tablissement scolaire sans leur consentement&nbsp;clairement exprim\u00e9.&nbsp;<\/p><p>En outre, les capsules&nbsp;vid\u00e9os&nbsp;cr\u00e9\u00e9es en vue de transmettre la mati\u00e8re de cours ou tout autre objectif p\u00e9dagogique ou les conf\u00e9rences&nbsp;vid\u00e9os&nbsp;organis\u00e9es (par exemple, via le programme Teams) pour un&nbsp;de ces buts (ou les deux) peuvent n\u2019\u00eatre utilis\u00e9es que dans un objectif scolaire. Les capsules&nbsp;vid\u00e9os&nbsp;et&nbsp;conf\u00e9rences&nbsp;vid\u00e9os&nbsp;pr\u00e9cit\u00e9es ne peuvent \u00eatre reproduites, film\u00e9es, enregistr\u00e9es de fa\u00e7on audio,&nbsp;photographi\u00e9es, diffus\u00e9es sous quelque support que ce soit ou envoy\u00e9es \u00e0 d\u2019autres personnes sans&nbsp;l\u2019accord du titulaire de cours qui a cr\u00e9\u00e9 la capsule vid\u00e9o ou organis\u00e9 la conf\u00e9rence vid\u00e9o.&nbsp;<\/p><p>Les victimes de tels des agissements cit\u00e9s dans le paragraphe pr\u00e9c\u00e9dent pourront exercer leurs&nbsp;droits. Les personnes impliqu\u00e9es dans de tels actes seront sanctionn\u00e9es par l\u2019\u00e9cole dans le cadre&nbsp;de son r\u00e8glement d\u2019ordre int\u00e9rieur. Elles pourront aussi \u00eatre poursuivies judiciairement.&nbsp;<\/p><p>Dans des circonstances exceptionnelles, avec l\u2019accord de la Direction, et moyennant le respect de&nbsp;la restriction exprim\u00e9e ci-dessus, des \u00e9l\u00e8ves peuvent \u00eatre autoris\u00e9s \u00e0 faire usage de certains&nbsp;appareils dans l\u2019enceinte de l\u2019\u00e9tablissement.&nbsp;<\/p><p>Lors de la s\u00e9ance des photos de classe ou pendant les activit\u00e9s scolaires ou parascolaires, l\u2019\u00e9l\u00e8ve&nbsp;qui accepte d\u2019\u00eatre photographi\u00e9 ou film\u00e9 accepte tacitement l\u2019utilisation de son image dans les&nbsp;publications internes et sur le site Internet de l\u2019\u00e9tablissement scolaire. Toutefois, s\u2019il fait conna\u00eetre&nbsp;son d\u00e9saccord en ce domaine, l\u2019\u00e9cole sera tenue soit de retirer le document en question, soit de&nbsp;rendre l\u2019\u00e9l\u00e8ve concern\u00e9 non identifiable.&nbsp;<\/p><\/blockquote>\n","protected":false},"excerpt":{"rendered":"<p>Veuillez trouver ci-joint le R\u00e8glement d&rsquo;Ordre Int\u00e9rieur de la Ville de Bruxelles Nous attirons votre attention sur le point 7.9 concernant le droit \u00e0 l&rsquo;image et le respect de la vie priv\u00e9e. (mise \u00e0 jour novembre 2020): 7.9.&nbsp;Protection de la vie priv\u00e9e et droit \u00e0 l\u2019image&nbsp; Il est interdit, par quelque moyen que ce soit, &hellip; <a href=\"https:\/\/adolphemax.be\/index.php\/lathenee\/projet-detablissement-et-reglements\/reglement-dordre-interieur\/\" class=\"more-link\">Continuer la lecture de <span class=\"screen-reader-text\">R\u00e8glement d&rsquo;ordre int\u00e9rieur<\/span> <span class=\"meta-nav\">&rarr;<\/span><\/a><\/p>\n","protected":false},"author":1,"featured_media":0,"parent":20,"menu_order":0,"comment_status":"closed","ping_status":"closed","template":"","meta":[],"_links":{"self":[{"href":"https:\/\/adolphemax.be\/index.php\/wp-json\/wp\/v2\/pages\/28"}],"collection":[{"href":"https:\/\/adolphemax.be\/index.php\/wp-json\/wp\/v2\/pages"}],"about":[{"href":"https:\/\/adolphemax.be\/index.php\/wp-json\/wp\/v2\/types\/page"}],"author":[{"embeddable":true,"href":"https:\/\/adolphemax.be\/index.php\/wp-json\/wp\/v2\/users\/1"}],"replies":[{"embeddable":true,"href":"https:\/\/adolphemax.be\/index.php\/wp-json\/wp\/v2\/comments?post=28"}],"version-history":[{"count":8,"href":"https:\/\/adolphemax.be\/index.php\/wp-json\/wp\/v2\/pages\/28\/revisions"}],"predecessor-version":[{"id":2675,"href":"https:\/\/adolphemax.be\/index.php\/wp-json\/wp\/v2\/pages\/28\/revisions\/2675"}],"up":[{"embeddable":true,"href":"https:\/\/adolphemax.be\/index.php\/wp-json\/wp\/v2\/pages\/20"}],"wp:attachment":[{"href":"https:\/\/adolphemax.be\/index.php\/wp-json\/wp\/v2\/media?parent=28"}],"curies":[{"name":"wp","href":"https:\/\/api.w.org\/{rel}","templated":true}]}}