{"id":4,"date":"2015-11-24T19:51:38","date_gmt":"2015-11-24T18:51:38","guid":{"rendered":"http:\/\/adolphemax.be\/?page_id=4"},"modified":"2025-08-27T19:47:56","modified_gmt":"2025-08-27T18:47:56","slug":"direction-et-corps-professoral","status":"publish","type":"page","link":"https:\/\/adolphemax.be\/index.php\/direction-et-corps-professoral\/","title":{"rendered":"Notre \u00e9quipe"},"content":{"rendered":"<p>Aur\u00e9lie VANKERKOVEN\u00a0 \u2666 \u00a0Pr\u00e9f\u00e8te des Etudes 02\/504 96 41<\/p>\n<p>M\u00e9lanie OCMANT\u00a0 \u2666\u00a0 Proviseure 02\/740 24 62<\/p>\n<p>Aurore DURET\u00a0 \u2666\u00a0 Secr\u00e9taire de direction 02\/740.24.55<\/p>\n<p>Nicolas VALNOT\u00a0 \u2666 Econome 02\/740 24 68<\/p>\n<hr \/>\n<p>Yasmine Hamri (remplac\u00e9e par Khalid DAKKOUN) \u2666\u00a0 Educatrice \u00a0 (1\u00e8re ann\u00e9e) 02\/279.22.51 (02\/276.39.86 : M. Dakkoun)<\/p>\n<p>Arnaud METTENS\u00a0 \u2666\u00a0 Educateur\u00a0 (2\u00e8me ann\u00e9e) 02\/500.85.51<\/p>\n<p>Hicham RAHHOU \u2666\u00a0 Educateur\u00a0 (3<sup>\u00e8me <\/sup>ann\u00e9e) 02\/279.60.78<\/p>\n<p>Yvan DELL&rsquo;ARIA \u2666 Educateur (4\u00e8me ann\u00e9e) 02\/740 24 66<\/p>\n<p>Mouad BERRAMDANE \u2666Educateur (5\/6\u00e8me ann\u00e9es) 02\/740 24 64<\/p>\n<hr \/>\n<h6><span style=\"text-decoration: underline;\">Professeurs<\/span>:<\/h6>\n<p>ACHTEN H\u00e9l\u00e8ne &#8211; math\u00e9matiques<\/p>\n<p>AFREHA Abdelkarim &#8211; fran\u00e7ais \/ philosophie et citoyennet\u00e9<\/p>\n<p>AHRIKA Yousra &#8211; sciences<\/p>\n<p>AROUD Iman &#8211; histoire<\/p>\n<p>AZAHAF Myriam &#8211; sciences \u00e9coomiques<\/p>\n<p>BACQUET Julien &#8211; g\u00e9ographie<\/p>\n<p>BAHBA Amal &#8211; sciences \u00e9conomiques<\/p>\n<p>BAUGNIET Sandra &#8211; n\u00e9erlandais<\/p>\n<p>BAVAY Samira &#8211; fran\u00e7ais<\/p>\n<p>BEKAERT St\u00e9phanie &#8211; \u00e9ducation physique<\/p>\n<p>BOSKALTEN Ahmed &#8211; religion islamique<\/p>\n<p>BOUDA Ayoub &#8211; \u00e9ducation physique<\/p>\n<p>CASTONA LOPEZ Aylin &#8211; anglais et \u00e9ducation par la technologie<\/p>\n<p>CHAPONAN GARCIA Ingrid &#8211; n\u00e9erlandais<\/p>\n<p>CHERQI Khadija &#8211; math\u00e9matiques<\/p>\n<p>COUSET Samantha &#8211; n\u00e9erlandais \/ anglais<\/p>\n<p>DE WERGIFOSSE Jonathan &#8211; math\u00e9matiques<\/p>\n<p>DEMOULIN Xavier &#8211; g\u00e9ographie<\/p>\n<p>DERCLAYE Thierry &#8211; histoire<\/p>\n<p>DESMET Ariane &#8211; fran\u00e7ais<\/p>\n<p>DE SMET S\u00e9bastien &#8211; \u00e9ducation physique<\/p>\n<p>DEVRIESE R\u00e9my &#8211; math\u00e9matiques<\/p>\n<p>DEVULDER Maude &#8211; n\u00e9erlandais<\/p>\n<p>DE WINTER Hilde &#8211; langues anciennes<\/p>\n<p>DI BONO Elodie &#8211; latin<\/p>\n<p>DOZO Emilie &#8211; Phylosiphie et citoyennet\u00e9<\/p>\n<p>EKSI Ozge &#8211; sciences<\/p>\n<p>FRANCKX Brice &#8211; math\u00e9matiques<\/p>\n<p>FRUCIANO Emiliano &#8211; philosophie et citoyennet\u00e9<\/p>\n<p>GEBHART Laurence &#8211; math\u00e9matiques<\/p>\n<p>GROUY Thibaut &#8211; math\u00e9matique<\/p>\n<p>HIERNAUX Emilie &#8211; sciences<\/p>\n<p>HOVEN Serge &#8211; \u00e9ducation musicale<\/p>\n<p>HUBLET Fanny &#8211; n\u00e9erlandais<\/p>\n<p>KANIKI Francine &#8211; religion protestante<\/p>\n<p>KHOUMSI Jihane &#8211; fran\u00e7ais<\/p>\n<p>LECOCQ Christine &#8211; fran\u00e7ais<\/p>\n<p>LETIENT Guillaume &#8211;\u00a0 \u00e9ducation physique<\/p>\n<p>LOURENS Audrey &#8211; math\u00e9matiques<\/p>\n<p>MARCHAND Christelle &#8211; sciences<\/p>\n<p>MAURISSEN Juliette &#8211; histoire<\/p>\n<p>MESSARI Imane &#8211; chimie<\/p>\n<p>MHAUCHI Abdelmajid &#8211; religion islamique<\/p>\n<p>NDJENDJE Vasita &#8211; espagnol<\/p>\n<p>NOBILIO Fabien &#8211; philosophie et citoyennet\u00e9<\/p>\n<p>NOEL Claire &#8211; physique<\/p>\n<p>PELLEGRIN Marie &#8211; B\u00e9n\u00e9dicte &#8211; n\u00e9erlandais<\/p>\n<p>QADI Nisrine &#8211; sciences et biologie<\/p>\n<p>RENIERS Karel &#8211; histoire<\/p>\n<p>RICHARD S\u00e9bastien &#8211; math\u00e9matiques<\/p>\n<p>ROCCIA Alessandra &#8211; fran\u00e7ais<\/p>\n<p>RODEN Cheryl &#8211; anglais \/ n\u00e9erlandais<\/p>\n<p>ROULET C\u00e9lia &#8211; \u00e9ducation artistique<\/p>\n<p>SERVRANCKX Yannick &#8211; \u00e9ducation physique<\/p>\n<p>STOCKEBRAND Alexis &#8211; langues anciennes<\/p>\n<p>STOCKMANS C\u00e9cile &#8211; fran\u00e7ais<\/p>\n<p>STRATIDIS Stelios &#8211; religion orthodoxe<\/p>\n<p>STUYCK Emilie &#8211; fran\u00e7ais<\/p>\n<p>VAN ATTENHOVEN Kathleen &#8211; n\u00e9erlandais<\/p>\n<p>VAN DER KEILEN Maud &#8211; n\u00e9erlandais<\/p>\n<p>VANDERSMISSEN Ga\u00ebl &#8211; g\u00e9ographie<\/p>\n<p>VANDE VOORDE Jennifer &#8211; fran\u00e7ais \/\u00a0langues anciennes<\/p>\n<p>VAN ERPS Anne &#8211; anglais<\/p>\n<p>VANNOOTE Guillaume &#8211; histoire\/g\u00e9ographie<\/p>\n<p>VERSTRAETE Marc &#8211; math\u00e9matiques<\/p>\n<p>VOLCHER Pierre &#8211; \u00e9ducation par la technologie<\/p>\n","protected":false},"excerpt":{"rendered":"<p>Aur\u00e9lie VANKERKOVEN\u00a0 \u2666 \u00a0Pr\u00e9f\u00e8te des Etudes 02\/504 96 41 M\u00e9lanie OCMANT\u00a0 \u2666\u00a0 Proviseure 02\/740 24 62 Aurore DURET\u00a0 \u2666\u00a0 Secr\u00e9taire de direction 02\/740.24.55 Nicolas VALNOT\u00a0 \u2666 Econome 02\/740 24 68 Yasmine Hamri (remplac\u00e9e par Khalid DAKKOUN) \u2666\u00a0 Educatrice \u00a0 (1\u00e8re ann\u00e9e) 02\/279.22.51 (02\/276.39.86 : M. Dakkoun) Arnaud METTENS\u00a0 \u2666\u00a0 Educateur\u00a0 (2\u00e8me ann\u00e9e) 02\/500.85.51 Hicham RAHHOU &hellip; <a href=\"https:\/\/adolphemax.be\/index.php\/direction-et-corps-professoral\/\" class=\"more-link\">Continuer la lecture de <span class=\"screen-reader-text\">Notre \u00e9quipe<\/span> <span class=\"meta-nav\">&rarr;<\/span><\/a><\/p>\n","protected":false},"author":1,"featured_media":0,"parent":0,"menu_order":0,"comment_status":"closed","ping_status":"closed","template":"","meta":[],"_links":{"self":[{"href":"https:\/\/adolphemax.be\/index.php\/wp-json\/wp\/v2\/pages\/4"}],"collection":[{"href":"https:\/\/adolphemax.be\/index.php\/wp-json\/wp\/v2\/pages"}],"about":[{"href":"https:\/\/adolphemax.be\/index.php\/wp-json\/wp\/v2\/types\/page"}],"author":[{"embeddable":true,"href":"https:\/\/adolphemax.be\/index.php\/wp-json\/wp\/v2\/users\/1"}],"replies":[{"embeddable":true,"href":"https:\/\/adolphemax.be\/index.php\/wp-json\/wp\/v2\/comments?post=4"}],"version-history":[{"count":53,"href":"https:\/\/adolphemax.be\/index.php\/wp-json\/wp\/v2\/pages\/4\/revisions"}],"predecessor-version":[{"id":2795,"href":"https:\/\/adolphemax.be\/index.php\/wp-json\/wp\/v2\/pages\/4\/revisions\/2795"}],"wp:attachment":[{"href":"https:\/\/adolphemax.be\/index.php\/wp-json\/wp\/v2\/media?parent=4"}],"curies":[{"name":"wp","href":"https:\/\/api.w.org\/{rel}","templated":true}]}}