{"id":44,"date":"2015-11-24T20:29:51","date_gmt":"2015-11-24T19:29:51","guid":{"rendered":"http:\/\/adolphemax.be\/?page_id=44"},"modified":"2015-11-26T11:25:11","modified_gmt":"2015-11-26T10:25:11","slug":"initiatives-pedagogiques","status":"publish","type":"page","link":"https:\/\/adolphemax.be\/index.php\/initiatives-pedagogiques\/","title":{"rendered":"Initiatives p\u00e9dagogiques"},"content":{"rendered":"<h2>Travail de Fin d\u2019Etudes<\/h2>\n<h3>Caract\u00e9ristiques<\/h3>\n<p>Le rh\u00e9toricien se choisit un sujet qui l&rsquo;int\u00e9resse et qu&rsquo;il souhaite approfondir. Il propose ce th\u00e8me \u00e0 un professeur qui accepte de superviser son travail. Au cours de l&rsquo;ann\u00e9e scolaire, l&rsquo;\u00e9l\u00e8ve pr\u00e9sente r\u00e9guli\u00e8rement le travail accompli \u00e0 son professeur. A la fin du mois de mars, le travail sera termin\u00e9, dactylographi\u00e9 et comportera une vingtaine de pages.<\/p>\n<p>Le document remis sera lu et \u00e9valu\u00e9 par deux professeurs.<\/p>\n<p>En fin d&rsquo;ann\u00e9e scolaire, l&rsquo;\u00e9l\u00e8ve pr\u00e9sentera oralement une synth\u00e8se de son travail \u00e0 ses professeurs qui, par ailleurs, l&rsquo;interrogeront sur celui-ci.\u00a0 Cette synth\u00e8se et cette prestation orale font l&rsquo;objet d&rsquo;une \u00e9valuation.<\/p>\n<h3>Objectifs du travail<\/h3>\n<p>L&rsquo;Ath\u00e9n\u00e9e veut, par le moyen de ce travail, contribuer \u00e0 installer les capacit\u00e9s suivantes :<\/p>\n<ul>\n<li>rechercher de l&rsquo;information \u00e9crite ou orale, savoir rechercher une information dans un livre de r\u00e9f\u00e9rence, dans une biblioth\u00e8que ou entrer en contact avec une personne, l&rsquo;interroger, recueillir les r\u00e9ponses, comparer les informations r\u00e9unies;<\/li>\n<li>proposer un th\u00e8me et le d\u00e9limiter, organiser un travail, structurer l&rsquo;information, \u00e9mettre une opinion, structurer un raisonnement, documenter, \u00e9tayer un raisonnement;<\/li>\n<li>pr\u00e9senter un travail par \u00e9crit selon des crit\u00e8res \u00e9tablis, r\u00e9diger, \u00eatre attentif \u00e0 la correction de la langue utilis\u00e9e, au vocabulaire;<\/li>\n<li>pr\u00e9senter oralement son travail, savoir s&rsquo;exprimer, utiliser les moyens appropri\u00e9s \u00e0 la pr\u00e9sentation, r\u00e9pondre \u00e0 des questions, synth\u00e9tiser le travail \u00e9crit.<\/li>\n<\/ul>\n<p>&nbsp;<\/p>\n","protected":false},"excerpt":{"rendered":"<p>Travail de Fin d\u2019Etudes Caract\u00e9ristiques Le rh\u00e9toricien se choisit un sujet qui l&rsquo;int\u00e9resse et qu&rsquo;il souhaite approfondir. Il propose ce th\u00e8me \u00e0 un professeur qui accepte de superviser son travail. Au cours de l&rsquo;ann\u00e9e scolaire, l&rsquo;\u00e9l\u00e8ve pr\u00e9sente r\u00e9guli\u00e8rement le travail accompli \u00e0 son professeur. A la fin du mois de mars, le travail sera termin\u00e9, &hellip; <a href=\"https:\/\/adolphemax.be\/index.php\/initiatives-pedagogiques\/\" class=\"more-link\">Continuer la lecture de <span class=\"screen-reader-text\">Initiatives p\u00e9dagogiques<\/span> <span class=\"meta-nav\">&rarr;<\/span><\/a><\/p>\n","protected":false},"author":1,"featured_media":0,"parent":0,"menu_order":0,"comment_status":"closed","ping_status":"closed","template":"","meta":[],"_links":{"self":[{"href":"https:\/\/adolphemax.be\/index.php\/wp-json\/wp\/v2\/pages\/44"}],"collection":[{"href":"https:\/\/adolphemax.be\/index.php\/wp-json\/wp\/v2\/pages"}],"about":[{"href":"https:\/\/adolphemax.be\/index.php\/wp-json\/wp\/v2\/types\/page"}],"author":[{"embeddable":true,"href":"https:\/\/adolphemax.be\/index.php\/wp-json\/wp\/v2\/users\/1"}],"replies":[{"embeddable":true,"href":"https:\/\/adolphemax.be\/index.php\/wp-json\/wp\/v2\/comments?post=44"}],"version-history":[{"count":1,"href":"https:\/\/adolphemax.be\/index.php\/wp-json\/wp\/v2\/pages\/44\/revisions"}],"predecessor-version":[{"id":45,"href":"https:\/\/adolphemax.be\/index.php\/wp-json\/wp\/v2\/pages\/44\/revisions\/45"}],"wp:attachment":[{"href":"https:\/\/adolphemax.be\/index.php\/wp-json\/wp\/v2\/media?parent=44"}],"curies":[{"name":"wp","href":"https:\/\/api.w.org\/{rel}","templated":true}]}}