{"id":511,"date":"2017-01-12T09:57:31","date_gmt":"2017-01-12T08:57:31","guid":{"rendered":"http:\/\/adolphemax.be\/?page_id=511"},"modified":"2017-10-18T08:25:42","modified_gmt":"2017-10-18T07:25:42","slug":"les-anciens","status":"publish","type":"page","link":"https:\/\/adolphemax.be\/index.php\/lathenee\/les-anciens\/","title":{"rendered":"Les Anciens"},"content":{"rendered":"<h3 style=\"text-align: center;\">ASBL \u00ab Les Amis et anciens \u00e9l\u00e8ves de l\u2019ath\u00e9n\u00e9e Adolphe Max et du lyc\u00e9e L.E.Carter \u00bb.<\/h3>\n<p>&nbsp;<\/p>\n<p>Vous pouvez maintenant contacter directement l&rsquo;association \u00e0 l&rsquo;adresse<br \/>\nsuivante :<br \/>\n<span style=\"color: #3366ff;\"><a href=\"mailto:anciens.max.carter@gmail.com\">anciens.max.carter@gmail.com<\/a><\/span><\/p>\n<hr \/>\n<p><strong>PRESIDENT<\/strong> : Nadine MILO, 191 av. de Roodebeek, 1030 Schaerbeek<br \/>\nnadine.milo5@gmail.com<br \/>\n<strong>SECRETAIRE<\/strong> : Ludovic SURIN, 39 clos de B\u00e9rine, 1410 Waterloo<br \/>\nludovic.surin@gmail.com<br \/>\n<strong>TRESORIER<\/strong> : Naim RAHAL, 182\/2 Dr\u00e8ve de Nivelles, 1150 Bruxelles<br \/>\nnaim.rahal@gmail.com<br \/>\nCOMPTE : IBAN : BE89 0010 8488 5685 BIC : GEBABEBB de \u201cLes Amis<br \/>\net anciens de l\u2019AAM\u201d \u2013 1000 Bruxelles.<br \/>\n<strong>COTISATION<\/strong> : 10 \u20ac &#8211; 2,50 \u20ac pour les \u00e9tudiants.<\/p>\n<hr \/>\n<p><strong>Vous pouvez consulter le dernier Max News en cliquant <a href=\"http:\/\/adolphemax.be\/wp-content\/uploads\/2017\/10\/MN58.pdf\" target=\"_blank\" rel=\"noopener\">ici<\/a><\/strong><\/p>\n","protected":false},"excerpt":{"rendered":"<p>ASBL \u00ab Les Amis et anciens \u00e9l\u00e8ves de l\u2019ath\u00e9n\u00e9e Adolphe Max et du lyc\u00e9e L.E.Carter \u00bb. &nbsp; Vous pouvez maintenant contacter directement l&rsquo;association \u00e0 l&rsquo;adresse suivante : anciens.max.carter@gmail.com PRESIDENT : Nadine MILO, 191 av. de Roodebeek, 1030 Schaerbeek nadine.milo5@gmail.com SECRETAIRE : Ludovic SURIN, 39 clos de B\u00e9rine, 1410 Waterloo ludovic.surin@gmail.com TRESORIER : Naim RAHAL, 182\/2 &hellip; <a href=\"https:\/\/adolphemax.be\/index.php\/lathenee\/les-anciens\/\" class=\"more-link\">Continuer la lecture de <span class=\"screen-reader-text\">Les Anciens<\/span> <span class=\"meta-nav\">&rarr;<\/span><\/a><\/p>\n","protected":false},"author":1,"featured_media":0,"parent":40,"menu_order":0,"comment_status":"closed","ping_status":"closed","template":"","meta":[],"_links":{"self":[{"href":"https:\/\/adolphemax.be\/index.php\/wp-json\/wp\/v2\/pages\/511"}],"collection":[{"href":"https:\/\/adolphemax.be\/index.php\/wp-json\/wp\/v2\/pages"}],"about":[{"href":"https:\/\/adolphemax.be\/index.php\/wp-json\/wp\/v2\/types\/page"}],"author":[{"embeddable":true,"href":"https:\/\/adolphemax.be\/index.php\/wp-json\/wp\/v2\/users\/1"}],"replies":[{"embeddable":true,"href":"https:\/\/adolphemax.be\/index.php\/wp-json\/wp\/v2\/comments?post=511"}],"version-history":[{"count":6,"href":"https:\/\/adolphemax.be\/index.php\/wp-json\/wp\/v2\/pages\/511\/revisions"}],"predecessor-version":[{"id":1089,"href":"https:\/\/adolphemax.be\/index.php\/wp-json\/wp\/v2\/pages\/511\/revisions\/1089"}],"up":[{"embeddable":true,"href":"https:\/\/adolphemax.be\/index.php\/wp-json\/wp\/v2\/pages\/40"}],"wp:attachment":[{"href":"https:\/\/adolphemax.be\/index.php\/wp-json\/wp\/v2\/media?parent=511"}],"curies":[{"name":"wp","href":"https:\/\/api.w.org\/{rel}","templated":true}]}}