{"id":54,"date":"2015-11-24T20:36:41","date_gmt":"2015-11-24T19:36:41","guid":{"rendered":"http:\/\/adolphemax.be\/?page_id=54"},"modified":"2021-11-25T22:36:56","modified_gmt":"2021-11-25T21:36:56","slug":"conseil-de-participation","status":"publish","type":"page","link":"https:\/\/adolphemax.be\/index.php\/lathenee\/conseil-de-participation\/","title":{"rendered":"Conseil de participation"},"content":{"rendered":"<p class=\"evidencesi\">Composition<\/p>\n<ul>\n<li><strong>MEMBRES DE DROIT<\/strong>\n<ul>\n<li>Effectifs\n<ol>\n<li>DE MEUE, Pascale &#8211; Chef d&rsquo;\u00e9tablissement, pr\u00e9sidente<\/li>\n<li>KHADMI Jamila &#8211; Chef d&rsquo;\u00e9tablissement<\/li>\n<li>ROELENS Pascale &#8211; Chef d&rsquo;\u00e9tablissement<\/li>\n<\/ol>\n<\/li>\n<li>Suppl\u00e9ants\n<ol>\n<li>HENQUEZ Jean-Louis &#8211; Inspecteur de l&rsquo;enseignement secondaire<\/li>\n<li>DANAU Patrick &#8211; Inspecteur-adjoint de l&rsquo;enseignement secondaire<\/li>\n<li>INGELS Marie-Fran\u00e7oise &#8211; Inspectrice de la sant\u00e9 et du sport<\/li>\n<\/ol>\n<\/li>\n<\/ul>\n<\/li>\n<li><strong>REPRESENTANTS DU PERSONNEL ENSEIGNANT<\/strong>\n<ul>\n<li>Effectifs\n<ol>\n<li>PLOMPEN Dominique &#8211; Professeur<\/li>\n<li>VAN ERPS Anne &#8211; Professeur<\/li>\n<li>VERSTRAETE Marc &#8211; Professeur<\/li>\n<\/ol>\n<\/li>\n<li>Suppl\u00e9ants\n<ol>\n<li>\/<\/li>\n<li>\/<\/li>\n<li>\/<\/li>\n<\/ol>\n<\/li>\n<\/ul>\n<\/li>\n<li><strong>REPRESENTANTS DU PERSONNEL OUVRIER ET ADMINISTRATIF<\/strong>\n<ul>\n<li>Effectifs\n<ol>\n<li>DUPONT Nathalie &#8211; Personnel ouvrier<\/li>\n<\/ol>\n<\/li>\n<li>Suppl\u00e9ants\n<ol>\n<li>MOUMNI Anissa &#8211; Personnel ouvrier<\/li>\n<\/ol>\n<\/li>\n<\/ul>\n<\/li>\n<\/ul>\n<ul>\n<li><strong>REPRESENTANTS DES \u00c9L\u00c8VES<\/strong><\/li>\n<\/ul>\n<p><strong>Effectifs<\/strong><\/p>\n<ul>\n<li style=\"list-style-type: none;\">\n<ul>\n<li>KOBUS Wiktoria 2LB<\/li>\n<li>MVUESA MPITIDILA Adam 5LM<\/li>\n<li>GAEBEL Nawfal\u00a0 4LS1<\/li>\n<\/ul>\n<\/li>\n<\/ul>\n<p><strong>Suppl\u00e9ants<\/strong><\/p>\n<ul>\n<li style=\"list-style-type: none;\">\n<ul>\n<li>GAEBEL Fidane 1LF<\/li>\n<li>HAMIDI FATIMA 6LG<\/li>\n<li>ZAGDIA Yasmine 3SESA<\/li>\n<\/ul>\n<\/li>\n<\/ul>\n<ul>\n<li><strong>REPRESENTANTS DES PARENTS<\/strong><\/li>\n<\/ul>\n<p><strong>Effectif<\/strong><\/p>\n<ul>\n<li style=\"list-style-type: none;\">\n<ul>\n<li>SPIRLET Christine<\/li>\n<li>CARILLON St\u00e9phanie<\/li>\n<li>MHIRSI Rafiaa<\/li>\n<\/ul>\n<\/li>\n<\/ul>\n<p><strong>Suppl\u00e9ants<\/strong><\/p>\n<ul>\n<li style=\"list-style-type: none;\">\n<ul>\n<li>ZACHARZEWSKI Jane<\/li>\n<li>VAN ACKER Alix<\/li>\n<\/ul>\n<\/li>\n<\/ul>\n<ul>\n<li><strong>REPRESENTANTS DE L&rsquo;ENVIRONNEMENT SOCIAL, CULTUREL ET ECONOMIQUE<\/strong>\n<ul>\n<li>Effectifs\n<ol>\n<li>LECHGUEUR Ahlam<\/li>\n<li>CLESER Aur\u00e9lie<\/li>\n<li>SPEECKAERT Vanessa<\/li>\n<\/ol>\n<\/li>\n<li>Suppl\u00e9ants\n<ol>\n<li>\/<\/li>\n<li>\/<\/li>\n<\/ol>\n<\/li>\n<\/ul>\n<\/li>\n<\/ul>\n<p class=\"evidencesi\">\n","protected":false},"excerpt":{"rendered":"<p>Composition MEMBRES DE DROIT Effectifs DE MEUE, Pascale &#8211; Chef d&rsquo;\u00e9tablissement, pr\u00e9sidente KHADMI Jamila &#8211; Chef d&rsquo;\u00e9tablissement ROELENS Pascale &#8211; Chef d&rsquo;\u00e9tablissement Suppl\u00e9ants HENQUEZ Jean-Louis &#8211; Inspecteur de l&rsquo;enseignement secondaire DANAU Patrick &#8211; Inspecteur-adjoint de l&rsquo;enseignement secondaire INGELS Marie-Fran\u00e7oise &#8211; Inspectrice de la sant\u00e9 et du sport REPRESENTANTS DU PERSONNEL ENSEIGNANT Effectifs PLOMPEN Dominique &#8211; &hellip; <a href=\"https:\/\/adolphemax.be\/index.php\/lathenee\/conseil-de-participation\/\" class=\"more-link\">Continuer la lecture de <span class=\"screen-reader-text\">Conseil de participation<\/span> <span class=\"meta-nav\">&rarr;<\/span><\/a><\/p>\n","protected":false},"author":1,"featured_media":0,"parent":40,"menu_order":0,"comment_status":"closed","ping_status":"closed","template":"","meta":[],"_links":{"self":[{"href":"https:\/\/adolphemax.be\/index.php\/wp-json\/wp\/v2\/pages\/54"}],"collection":[{"href":"https:\/\/adolphemax.be\/index.php\/wp-json\/wp\/v2\/pages"}],"about":[{"href":"https:\/\/adolphemax.be\/index.php\/wp-json\/wp\/v2\/types\/page"}],"author":[{"embeddable":true,"href":"https:\/\/adolphemax.be\/index.php\/wp-json\/wp\/v2\/users\/1"}],"replies":[{"embeddable":true,"href":"https:\/\/adolphemax.be\/index.php\/wp-json\/wp\/v2\/comments?post=54"}],"version-history":[{"count":11,"href":"https:\/\/adolphemax.be\/index.php\/wp-json\/wp\/v2\/pages\/54\/revisions"}],"predecessor-version":[{"id":2578,"href":"https:\/\/adolphemax.be\/index.php\/wp-json\/wp\/v2\/pages\/54\/revisions\/2578"}],"up":[{"embeddable":true,"href":"https:\/\/adolphemax.be\/index.php\/wp-json\/wp\/v2\/pages\/40"}],"wp:attachment":[{"href":"https:\/\/adolphemax.be\/index.php\/wp-json\/wp\/v2\/media?parent=54"}],"curies":[{"name":"wp","href":"https:\/\/api.w.org\/{rel}","templated":true}]}}