{"id":839,"date":"2017-06-09T07:27:01","date_gmt":"2017-06-09T06:27:01","guid":{"rendered":"http:\/\/adolphemax.be\/?page_id=839"},"modified":"2021-10-26T09:02:44","modified_gmt":"2021-10-26T08:02:44","slug":"calendrier","status":"publish","type":"page","link":"https:\/\/adolphemax.be\/index.php\/calendrier\/","title":{"rendered":"Calendrier &#038; avis"},"content":{"rendered":"<h2><\/h2>\n<h3><a href=\"http:\/\/adolphemax.be\/wp-content\/uploads\/2021\/02\/Fusion-12-03.pdf\" target=\"_blank\" rel=\"noopener noreferrer\">Avis<\/a><\/h3>\n<h2>Calendrier scolaire 2021 &#8211; 2022:<\/h2>\n<h4>Cong\u00e9s officiels:<\/h4>\n<table class=\"tbl_listing tbl_lll tbl_oddeven\">\n<tbody>\n<tr>\n<td>Rentr\u00e9e scolaire<\/td>\n<td>mercredi 1<sup>er<\/sup> septembre 2021<\/td>\n<\/tr>\n<tr>\n<td>F\u00eate de la Communaut\u00e9 fran\u00e7aise<\/td>\n<td>lundi 27 septembre 2021<\/td>\n<\/tr>\n<tr>\n<td>Cong\u00e9 d&rsquo;automne (Toussaint)<\/td>\n<td>du lundi 1er novembre 2021 au vendredi 5 novembre 2021<\/td>\n<\/tr>\n<tr>\n<td>Comm\u00e9moration du 11 novembre<\/td>\n<td>jeudi 11 novembre 2021<\/td>\n<\/tr>\n<tr>\n<td>Vacances d&rsquo;hiver (No\u00ebl)<\/td>\n<td>du lundi 27 d\u00e9cembre 2021 au vendredi 7 janvier 2022<\/td>\n<\/tr>\n<tr>\n<td>Cong\u00e9 de d\u00e9tente (Carnaval)<\/td>\n<td>du lundi 28 f\u00e9vrier 2022 au vendredi 4 mars 2022<\/td>\n<\/tr>\n<tr>\n<td>Vacances de printemps (P\u00e2ques)<\/td>\n<td>du lundi 4 avril 2022 au vendredi 15 avril 2022<\/td>\n<\/tr>\n<tr>\n<td>Lundi de P\u00e2ques<\/td>\n<td>lundi 18 avril 2022<\/td>\n<\/tr>\n<tr>\n<td>Cong\u00e9 de l&rsquo;Ascension<\/td>\n<td>jeudi 26 mai 2022<\/td>\n<\/tr>\n<tr>\n<td>Lundi de Pentec\u00f4te<\/td>\n<td>lundi 6 juin 2022<\/td>\n<\/tr>\n<tr>\n<td>Les vacances d&rsquo;\u00e9t\u00e9 d\u00e9butent le<\/td>\n<td>vendredi 1er juillet 2022<\/td>\n<\/tr>\n<tr>\n<td><\/td>\n<td><\/td>\n<\/tr>\n<tr>\n<td><\/td>\n<td><\/td>\n<\/tr>\n<\/tbody>\n<\/table>\n<hr \/>\n<h4>Les r\u00e9unions parents-professeurs:<\/h4>\n<p>Jeudi 28 octobre 2021 de 16.00 \u00e0 19.00<\/p>\n<p>Lundi 10 janvier 2022 de 16.00 \u00e0 19.00<\/p>\n<p>Mardi 29 mars 2022 de 16.00 \u00e0 19.00<\/p>\n<hr \/>\n<h4><strong><u>Distribution des bulletins:<\/u><\/strong><\/h4>\n<p>1\u00e8re et 2\u00e8me ann\u00e9es:<\/p>\n<ul>\n<li>Bulletin n\u00b01 : 25-26-27 octobre 2021<\/li>\n<li>Bulletin n\u00b02 : 8-9 d\u00e9cembre 2021<\/li>\n<li>Bulletin n\u00b03 : 18-21-22 mars 2022<\/li>\n<li>Bulletin n\u00b04 : 2-3 juin 2022<\/li>\n<\/ul>\n<p>3\u00e8me et 4\u00e8me ann\u00e9es:<\/p>\n<ul>\n<li>Bulletin n\u00b01 : 1er-2 d\u00e9cembre 2021<\/li>\n<li>Bulletin n\u00b02 : 21-22-23 mars 2022<\/li>\n<li>Bulletin n\u00b03 : 31 mai &#8211; 1er juin 2022<\/li>\n<\/ul>\n<p>5\u00e8me et 6\u00e8me ann\u00e9es:<\/p>\n<ul>\n<li>Bulletin n\u00b01 : 8 d\u00e9cembre 2021<\/li>\n<li>Bulletin n\u00b02 : 22-23 mars 2022<\/li>\n<li>Bulletin n\u00b03 : 31 mai &#8211; 1er juin 2022<\/li>\n<\/ul>\n<h2><\/h2>\n","protected":false},"excerpt":{"rendered":"<p>Avis Calendrier scolaire 2021 &#8211; 2022: Cong\u00e9s officiels: Rentr\u00e9e scolaire mercredi 1er septembre 2021 F\u00eate de la Communaut\u00e9 fran\u00e7aise lundi 27 septembre 2021 Cong\u00e9 d&rsquo;automne (Toussaint) du lundi 1er novembre 2021 au vendredi 5 novembre 2021 Comm\u00e9moration du 11 novembre jeudi 11 novembre 2021 Vacances d&rsquo;hiver (No\u00ebl) du lundi 27 d\u00e9cembre 2021 au vendredi 7 &hellip; <a href=\"https:\/\/adolphemax.be\/index.php\/calendrier\/\" class=\"more-link\">Continuer la lecture de <span class=\"screen-reader-text\">Calendrier &#038; avis<\/span> <span class=\"meta-nav\">&rarr;<\/span><\/a><\/p>\n","protected":false},"author":1,"featured_media":0,"parent":0,"menu_order":0,"comment_status":"closed","ping_status":"closed","template":"","meta":[],"_links":{"self":[{"href":"https:\/\/adolphemax.be\/index.php\/wp-json\/wp\/v2\/pages\/839"}],"collection":[{"href":"https:\/\/adolphemax.be\/index.php\/wp-json\/wp\/v2\/pages"}],"about":[{"href":"https:\/\/adolphemax.be\/index.php\/wp-json\/wp\/v2\/types\/page"}],"author":[{"embeddable":true,"href":"https:\/\/adolphemax.be\/index.php\/wp-json\/wp\/v2\/users\/1"}],"replies":[{"embeddable":true,"href":"https:\/\/adolphemax.be\/index.php\/wp-json\/wp\/v2\/comments?post=839"}],"version-history":[{"count":66,"href":"https:\/\/adolphemax.be\/index.php\/wp-json\/wp\/v2\/pages\/839\/revisions"}],"predecessor-version":[{"id":2563,"href":"https:\/\/adolphemax.be\/index.php\/wp-json\/wp\/v2\/pages\/839\/revisions\/2563"}],"wp:attachment":[{"href":"https:\/\/adolphemax.be\/index.php\/wp-json\/wp\/v2\/media?parent=839"}],"curies":[{"name":"wp","href":"https:\/\/api.w.org\/{rel}","templated":true}]}}